{"id":1470,"date":"2022-10-22T10:41:12","date_gmt":"2022-10-22T08:41:12","guid":{"rendered":"https:\/\/ra-weismantel.de\/areas-tematicas"},"modified":"2023-02-05T17:05:54","modified_gmt":"2023-02-05T15:05:54","slug":"areas-tematicas","status":"publish","type":"page","link":"https:\/\/ra-weismantel.de\/es\/retrato\/areas-tematicas","title":{"rendered":"\u00c1reas tem\u00e1ticas"},"content":{"rendered":"<p><div class=\"fusion-fullwidth fullwidth-box fusion-builder-row-1 fusion-flex-container has-pattern-background has-mask-background fusion-parallax-none hundred-percent-fullwidth non-hundred-percent-height-scrolling lazyload\" style=\"--awb-border-radius-top-left:0px;--awb-border-radius-top-right:0px;--awb-border-radius-bottom-right:0px;--awb-border-radius-bottom-left:0px;--awb-min-height:450px;--awb-min-height-medium:300px;--awb-min-height-small:300px;--awb-background-size:cover;--awb-flex-wrap:wrap;\" data-bg=\"https:\/\/ra-weismantel.de\/wp-content\/uploads\/2022\/11\/hero-kanzlei-weismantel-familienrecht-frankfurt-main.webp\" ><div class=\"fusion-builder-row fusion-row fusion-flex-align-items-flex-start fusion-flex-content-wrap\" style=\"width:104% !important;max-width:104% !important;margin-left: calc(-4% \/ 2 );margin-right: calc(-4% \/ 2 );\"><div class=\"fusion-layout-column fusion_builder_column fusion-builder-column-0 fusion_builder_column_1_1 1_1 fusion-flex-column\" style=\"--awb-bg-size:cover;--awb-width-large:100%;--awb-margin-top-large:0px;--awb-spacing-right-large:1.92%;--awb-margin-bottom-large:20px;--awb-spacing-left-large:1.92%;--awb-width-medium:100%;--awb-order-medium:0;--awb-spacing-right-medium:1.92%;--awb-spacing-left-medium:1.92%;--awb-width-small:100%;--awb-order-small:0;--awb-spacing-right-small:1.92%;--awb-spacing-left-small:1.92%;\"><div class=\"fusion-column-wrapper fusion-column-has-shadow fusion-flex-justify-content-flex-start fusion-content-layout-column\"><\/div><\/div><\/div><\/div><div class=\"fusion-fullwidth fullwidth-box fusion-builder-row-2 fusion-flex-container has-pattern-background has-mask-background nonhundred-percent-fullwidth non-hundred-percent-height-scrolling\" style=\"--awb-border-radius-top-left:0px;--awb-border-radius-top-right:0px;--awb-border-radius-bottom-right:0px;--awb-border-radius-bottom-left:0px;--awb-margin-top:-80px;--awb-flex-wrap:wrap;\" ><div class=\"fusion-builder-row fusion-row fusion-flex-align-items-flex-start fusion-flex-content-wrap\" style=\"max-width:1248px;margin-left: calc(-4% \/ 2 );margin-right: calc(-4% \/ 2 );\"><div class=\"fusion-layout-column fusion_builder_column fusion-builder-column-1 fusion_builder_column_1_2 1_2 fusion-flex-column\" style=\"--awb-padding-top:25px;--awb-padding-right:25px;--awb-padding-bottom:25px;--awb-padding-left:25px;--awb-bg-color:var(--awb-color5);--awb-bg-color-hover:var(--awb-color5);--awb-bg-size:cover;--awb-width-large:50%;--awb-margin-top-large:0px;--awb-spacing-right-large:3.84%;--awb-margin-bottom-large:20px;--awb-spacing-left-large:3.84%;--awb-width-medium:50%;--awb-order-medium:0;--awb-spacing-right-medium:3.84%;--awb-spacing-left-medium:3.84%;--awb-width-small:100%;--awb-order-small:0;--awb-spacing-right-small:1.92%;--awb-spacing-left-small:1.92%;\"><div class=\"fusion-column-wrapper fusion-column-has-shadow fusion-flex-justify-content-flex-start fusion-content-layout-column\"><nav class=\"fusion-breadcrumbs fusion-breadcrumbs-1\" style=\"--awb-font-size:12px;--awb-breadcrumb-sep:&#039;&gt;&#039;;\" aria-label=\"Breadcrumb\"><ol class=\"awb-breadcrumb-list\"><li class=\"fusion-breadcrumb-item awb-breadcrumb-sep awb-home\" ><a href=\"https:\/\/ra-weismantel.de\/es\" class=\"fusion-breadcrumb-link\"><span >Home<\/span><\/a><\/li><\/ol><\/nav><div class=\"fusion-title title fusion-title-1 fusion-sep-none fusion-title-text fusion-title-size-one\"><h1 class=\"fusion-title-heading title-heading-left fusion-responsive-typography-calculated\" style=\"margin:0;--fontSize:38;line-height:var(--awb-typography1-line-height);\">Holger Weismantel &#8211; \u00c1reas de especializaci\u00f3n<\/h1><\/div><\/div><\/div><\/div><\/div><div class=\"fusion-fullwidth fullwidth-box fusion-builder-row-3 fusion-flex-container has-pattern-background has-mask-background nonhundred-percent-fullwidth non-hundred-percent-height-scrolling\" style=\"--awb-border-radius-top-left:0px;--awb-border-radius-top-right:0px;--awb-border-radius-bottom-right:0px;--awb-border-radius-bottom-left:0px;--awb-flex-wrap:wrap;\" ><div class=\"fusion-builder-row fusion-row fusion-flex-align-items-flex-start fusion-flex-content-wrap\" style=\"max-width:1248px;margin-left: calc(-4% \/ 2 );margin-right: calc(-4% \/ 2 );\"><div class=\"fusion-layout-column fusion_builder_column fusion-builder-column-2 fusion_builder_column_1_1 1_1 fusion-flex-column\" style=\"--awb-bg-size:cover;--awb-width-large:100%;--awb-margin-top-large:0px;--awb-spacing-right-large:1.92%;--awb-margin-bottom-large:20px;--awb-spacing-left-large:1.92%;--awb-width-medium:100%;--awb-order-medium:0;--awb-spacing-right-medium:1.92%;--awb-spacing-left-medium:1.92%;--awb-width-small:100%;--awb-order-small:0;--awb-spacing-right-small:1.92%;--awb-spacing-left-small:1.92%;\"><div class=\"fusion-column-wrapper fusion-column-has-shadow fusion-flex-justify-content-flex-start fusion-content-layout-column\"><div class=\"fusion-text fusion-text-1\"><p>En el \u00e1mbito del <a href=\"https:\/\/ra-weismantel.de\/es\/ambitos-juridicos\/derecho-de-familia\">derecho<\/a> de familia puede ponerse en contacto con <strong><a href=\"https:\/\/ra-weismantel.de\/es\/retrato\">Holger Weismantel, abogado especialista en Derecho de familia<\/a> <\/strong>un representante de sus intereses con muchos a\u00f1os de experiencia en todas las \u00e1reas del derecho de familia.<\/p>\n<p>Se ha demostrado una y otra vez que el asesoramiento jur\u00eddico ya en la situaci\u00f3n de separaci\u00f3n ayuda a afrontar mejor los problemas que surgen en relaci\u00f3n con la crisis familiar y la situaci\u00f3n de separaci\u00f3n. Para poder evaluar los problemas que se plantean en este contexto, se requieren profundos conocimientos especializados, que en nuestro bufete se mantienen siempre al d\u00eda mediante una constante formaci\u00f3n continua en colaboraci\u00f3n con la Asociaci\u00f3n Alemana de Abogados y el Grupo de Trabajo de Derecho de Familia de la Asociaci\u00f3n Alemana de Abogados.<\/p>\n<p>Nuestro objetivo en la situaci\u00f3n de separaci\u00f3n y divorcio es, en la medida de lo posible, lograr un divorcio amistoso y la resoluci\u00f3n de las \u00abcuestiones consiguientes\u00bb asociadas, como la pensi\u00f3n alimenticia del c\u00f3nyuge, la pensi\u00f3n alimenticia de los hijos, la equiparaci\u00f3n de ganancias y la divisi\u00f3n de bienes, el derecho al domicilio conyugal, la custodia y el derecho de visita de los hijos comunes. A menudo, las consecuencias del divorcio pueden resolverse por contrato antes de que se produzca el divorcio, por lo que no es necesario el famoso \u00abtira y afloja\u00bb en los tribunales.<\/p>\n<\/div><div class=\"fusion-text fusion-text-2\"><p>Independientemente de la situaci\u00f3n de separaci\u00f3n, en determinadas circunstancias es aconsejable modificar la normativa legal mediante la celebraci\u00f3n de un contrato matrimonial, lo que adquiere cada vez m\u00e1s importancia, ya que la planificaci\u00f3n de la vida y las circunstancias econ\u00f3micas en general se desv\u00edan cada vez m\u00e1s del modelo tradicional del \u00abmatrimonio de ama de casa\u00bb.<\/p>\n<p>Debido al elevado n\u00famero de matrimonios multinacionales en Fr\u00e1ncfort del Meno, tenemos una gran experiencia en derecho de familia internacional. El Derecho de familia espa\u00f1ol, italiano y turco, en particular, son de gran importancia en el \u00e1rea metropolitana de Fr\u00e1ncfort. No obstante, tambi\u00e9n le asesoramos y representamos en todas las cuestiones relativas a la liquidaci\u00f3n de la vivienda conyugal, la reclamaci\u00f3n de alimentos para los hijos y los adultos, as\u00ed como en los casos en que sea necesario asignar una vivienda de conformidad con la Ley de protecci\u00f3n contra la violencia.<\/p>\n<p>Ahora podemos echar la vista atr\u00e1s a m\u00e1s de 15 a\u00f1os de experiencia en <a href=\"https:\/\/ra-weismantel.de\/es\/ambitos-juridicos\/derecho-de-sucesiones\">derecho de sucesiones<\/a>. Estamos especializados en la representaci\u00f3n jur\u00eddica en materia de redacci\u00f3n de testamentos, redacci\u00f3n y asesoramiento en relaci\u00f3n con contratos sucesorios, planificaci\u00f3n sucesoria, reclamaci\u00f3n de acciones forzosas, conflictos en comunidades de herederos y ejecuci\u00f3n de testamentos. En 2010, el abogado Holger Weismantel obtuvo el certificado de \u00abalbacea certificado\u00bb (DVEV).<\/p>\n<p>Otro foco de nuestro trabajo es el <a href=\"https:\/\/ra-weismantel.de\/es\/ambitos-juridicos\/derecho-de-propiedad-horizontal\">derecho inmobiliario residencial<\/a>, en esta \u00e1rea del derecho tenemos muchos a\u00f1os de experiencia pr\u00e1ctica. Aqu\u00ed estamos activos para usted tanto extrajudicial como judicialmente. Nuestro objetivo es evitar en la medida de lo posible los litigios ante los tribunales, prestando asistencia extrajudicial. Representamos tanto a propietarios de pisos como a comunidades de propietarios en todos los \u00e1mbitos de la WEG.<\/p>\n<p>Para nuestra clientela habitual, somos tambi\u00e9n el punto de contacto para todos los problemas jur\u00eddicos de derecho civil general, esto se refiere tanto a problemas contractuales en el \u00e1mbito de la compraventa y el derecho inmobiliario, como a la reclamaci\u00f3n de demandas por enriquecimiento y da\u00f1os y perjuicios, el abanico de problemas jur\u00eddicos concebibles es aqu\u00ed diverso.<\/p>\n<\/div><\/div><\/div><\/div><\/div><\/p>","protected":false},"excerpt":{"rendered":"","protected":false},"author":1,"featured_media":0,"parent":1482,"menu_order":0,"comment_status":"closed","ping_status":"closed","template":"100-width.php","meta":{"footnotes":""},"class_list":["post-1470","page","type-page","status-publish","hentry"],"_links":{"self":[{"href":"https:\/\/ra-weismantel.de\/es\/wp-json\/wp\/v2\/pages\/1470","targetHints":{"allow":["GET"]}}],"collection":[{"href":"https:\/\/ra-weismantel.de\/es\/wp-json\/wp\/v2\/pages"}],"about":[{"href":"https:\/\/ra-weismantel.de\/es\/wp-json\/wp\/v2\/types\/page"}],"author":[{"embeddable":true,"href":"https:\/\/ra-weismantel.de\/es\/wp-json\/wp\/v2\/users\/1"}],"replies":[{"embeddable":true,"href":"https:\/\/ra-weismantel.de\/es\/wp-json\/wp\/v2\/comments?post=1470"}],"version-history":[{"count":0,"href":"https:\/\/ra-weismantel.de\/es\/wp-json\/wp\/v2\/pages\/1470\/revisions"}],"up":[{"embeddable":true,"href":"https:\/\/ra-weismantel.de\/es\/wp-json\/wp\/v2\/pages\/1482"}],"wp:attachment":[{"href":"https:\/\/ra-weismantel.de\/es\/wp-json\/wp\/v2\/media?parent=1470"}],"curies":[{"name":"wp","href":"https:\/\/api.w.org\/{rel}","templated":true}]}}