{"id":1473,"date":"2022-10-22T10:41:40","date_gmt":"2022-10-22T08:41:40","guid":{"rendered":"https:\/\/ra-weismantel.de\/pie-de-imprenta"},"modified":"2025-07-08T17:55:30","modified_gmt":"2025-07-08T15:55:30","slug":"pie-de-imprenta","status":"publish","type":"page","link":"https:\/\/ra-weismantel.de\/es\/pie-de-imprenta","title":{"rendered":"Pie de imprenta"},"content":{"rendered":"<p><div class=\"fusion-fullwidth fullwidth-box fusion-builder-row-1 fusion-flex-container has-pattern-background has-mask-background fusion-parallax-none hundred-percent-fullwidth non-hundred-percent-height-scrolling lazyload\" style=\"--awb-border-radius-top-left:0px;--awb-border-radius-top-right:0px;--awb-border-radius-bottom-right:0px;--awb-border-radius-bottom-left:0px;--awb-min-height:450px;--awb-min-height-medium:300px;--awb-min-height-small:300px;--awb-background-size:cover;--awb-flex-wrap:wrap;\" data-bg=\"https:\/\/ra-weismantel.de\/wp-content\/uploads\/2022\/11\/hero-justizia-frankfurt-main-holger-weismantel.webp\" ><div class=\"fusion-builder-row fusion-row fusion-flex-align-items-flex-start fusion-flex-content-wrap\" style=\"width:104% !important;max-width:104% !important;margin-left: calc(-4% \/ 2 );margin-right: calc(-4% \/ 2 );\"><div class=\"fusion-layout-column fusion_builder_column fusion-builder-column-0 fusion_builder_column_1_1 1_1 fusion-flex-column\" style=\"--awb-bg-size:cover;--awb-width-large:100%;--awb-margin-top-large:0px;--awb-spacing-right-large:1.92%;--awb-margin-bottom-large:20px;--awb-spacing-left-large:1.92%;--awb-width-medium:100%;--awb-order-medium:0;--awb-spacing-right-medium:1.92%;--awb-spacing-left-medium:1.92%;--awb-width-small:100%;--awb-order-small:0;--awb-spacing-right-small:1.92%;--awb-spacing-left-small:1.92%;\"><div class=\"fusion-column-wrapper fusion-column-has-shadow fusion-flex-justify-content-flex-start fusion-content-layout-column\"><\/div><\/div><\/div><\/div><div class=\"fusion-fullwidth fullwidth-box fusion-builder-row-2 fusion-flex-container has-pattern-background has-mask-background nonhundred-percent-fullwidth non-hundred-percent-height-scrolling\" style=\"--awb-border-radius-top-left:0px;--awb-border-radius-top-right:0px;--awb-border-radius-bottom-right:0px;--awb-border-radius-bottom-left:0px;--awb-margin-top:-80px;--awb-flex-wrap:wrap;\" ><div class=\"fusion-builder-row fusion-row fusion-flex-align-items-flex-start fusion-flex-content-wrap\" style=\"max-width:1248px;margin-left: calc(-4% \/ 2 );margin-right: calc(-4% \/ 2 );\"><div class=\"fusion-layout-column fusion_builder_column fusion-builder-column-1 fusion_builder_column_1_2 1_2 fusion-flex-column\" style=\"--awb-padding-top:25px;--awb-padding-right:25px;--awb-padding-bottom:25px;--awb-padding-left:25px;--awb-bg-color:var(--awb-color5);--awb-bg-color-hover:var(--awb-color5);--awb-bg-size:cover;--awb-width-large:50%;--awb-margin-top-large:0px;--awb-spacing-right-large:3.84%;--awb-margin-bottom-large:20px;--awb-spacing-left-large:3.84%;--awb-width-medium:50%;--awb-order-medium:0;--awb-spacing-right-medium:3.84%;--awb-spacing-left-medium:3.84%;--awb-width-small:100%;--awb-order-small:0;--awb-spacing-right-small:1.92%;--awb-spacing-left-small:1.92%;\"><div class=\"fusion-column-wrapper fusion-column-has-shadow fusion-flex-justify-content-flex-start fusion-content-layout-column\"><nav class=\"fusion-breadcrumbs fusion-breadcrumbs-1\" style=\"--awb-font-size:12px;--awb-breadcrumb-sep:&#039;&gt;&#039;;\" aria-label=\"Breadcrumb\"><ol class=\"awb-breadcrumb-list\"><li class=\"fusion-breadcrumb-item awb-breadcrumb-sep awb-home\" ><a href=\"https:\/\/ra-weismantel.de\/es\" class=\"fusion-breadcrumb-link\"><span >Home<\/span><\/a><\/li><\/ol><\/nav><div class=\"fusion-title title fusion-title-1 fusion-sep-none fusion-title-text fusion-title-size-one\"><h1 class=\"fusion-title-heading title-heading-left fusion-responsive-typography-calculated\" style=\"margin:0;--fontSize:38;line-height:var(--awb-typography1-line-height);\">Pie de imprenta<\/h1><\/div><\/div><\/div><\/div><\/div><div class=\"fusion-fullwidth fullwidth-box fusion-builder-row-3 fusion-flex-container has-pattern-background has-mask-background nonhundred-percent-fullwidth non-hundred-percent-height-scrolling\" style=\"--awb-border-radius-top-left:0px;--awb-border-radius-top-right:0px;--awb-border-radius-bottom-right:0px;--awb-border-radius-bottom-left:0px;--awb-flex-wrap:wrap;\" ><div class=\"fusion-builder-row fusion-row fusion-flex-align-items-flex-start fusion-flex-content-wrap\" style=\"max-width:1248px;margin-left: calc(-4% \/ 2 );margin-right: calc(-4% \/ 2 );\"><div class=\"fusion-layout-column fusion_builder_column fusion-builder-column-2 fusion_builder_column_1_1 1_1 fusion-flex-column\" style=\"--awb-bg-size:cover;--awb-width-large:100%;--awb-margin-top-large:0px;--awb-spacing-right-large:1.92%;--awb-margin-bottom-large:20px;--awb-spacing-left-large:1.92%;--awb-width-medium:100%;--awb-order-medium:0;--awb-spacing-right-medium:1.92%;--awb-spacing-left-medium:1.92%;--awb-width-small:100%;--awb-order-small:0;--awb-spacing-right-small:1.92%;--awb-spacing-left-small:1.92%;\"><div class=\"fusion-column-wrapper fusion-column-has-shadow fusion-flex-justify-content-flex-start fusion-content-layout-column\"><div class=\"fusion-text fusion-text-1\"><p>Responsable en el sentido de los \u00a7\u00a7 6, 8 del TDG y \u00a7 6 del MDStV es<\/p>\n<h3>BUFETE WEISMANTEL<\/h3>\n<p><strong>Holger Weismantel, abogado especialista en Derecho de familia, Abogado Inscrito<\/strong><br \/>\nGro\u00dfer Hasenpfad 30<br \/>\n60598 Fr\u00e1ncfort del Meno<br \/>\nTel.: 069\/ 61 99 27 36<\/p>\n<p><strong>Sucursal de Bad Br\u00fcckenau<\/strong><br \/>\nCasa Waldenfels, Ernst-Putz-Strasse 27<br \/>\n97769 Bad Br\u00fcckenau<br \/>\nTel.: 09741\/ 93 99 691<\/p>\n<p>Correo electr\u00f3nico: <a href=\"mailto:kontakt@ra-weismantel.de\">kontakt@ra-weismantel.de<\/a><\/p>\n<h3>Fotos<\/h3>\n<p>Andreas Mechmann<br \/>\nR\u00f6derbergweg 205<br \/>\n60385 Frankfurt\/M<br \/>\nTel.: 069\/ 77 14 38<\/p>\n<p>Correo electr\u00f3nico: <a href=\"mailto:mail@kontrastfotodesign.de\">mail@kontrastfotodesign.de<\/a><br \/>\nWeb: <a href=\"https:\/\/kontrastfotodesign.de\" target=\"_blank\" rel=\"noopener\">https:\/\/kontrastfotodesign.de<\/a><\/p>\n<h3>Concepto \/ Dise\u00f1o \/ Programaci\u00f3n<\/h3>\n<p>DAN Media: Gr\u00e1ficos &#8211; Web &#8211; Fotograf\u00eda<\/p>\n<p>Correo electr\u00f3nico: <a href=\"mailto:info@dan-media.de\">info@dan-media.de<\/a><br \/>\nWeb: <a href=\"https:\/\/dan-media.de\" target=\"_blank\" rel=\"noopener\">https:\/\/dan-media.de<\/a><\/p>\n<\/div><div class=\"fusion-text fusion-text-2\" style=\"--awb-margin-top:40px;\"><p>Holger Weismantel es miembro del Colegio de Abogados de Fr\u00e1ncfort.<br \/>\nEl derecho a utilizar el t\u00edtulo profesional de \u00abRechtsanwalt\u00bb se adquiri\u00f3 en la Rep\u00fablica Federal de Alemania.<br \/>\nLas actividades de los abogados en Alemania se rigen por las normas profesionales de BRAO, BORA, FAO, BRAGO y, desde el 1 de julio de 2004, tambi\u00e9n por la RVG y el C\u00f3digo de conducta de los abogados de la Comunidad Europea.<\/p>\n<p>La Ley Federal de la Abogac\u00eda (Bundesrechtsanwaltsordnung) obliga a los abogados a mantener un seguro de responsabilidad profesional con una cuant\u00eda m\u00ednima de 250.000 euros. Los detalles figuran en la secci\u00f3n 51 BRAO. Holger Weismantel est\u00e1 asegurado en Allianz Versicherungs-AG en 10900 Berl\u00edn. El \u00e1mbito geogr\u00e1fico de cobertura del seguro incluye las actividades en los Estados miembros de la Uni\u00f3n Europea, por lo que cumple como m\u00ednimo los requisitos del art\u00edculo 51 de la Ley Federal de Abogados (BRAO).<\/p>\n<p>En Alemania se aplican las siguientes normas profesionales:<\/p>\n<p>Ley Federal de Abogados (BRAO)<br \/>\nC\u00f3digo profesional de la abogac\u00eda<br \/>\nLey de Abogados Especialistas (FAO)<br \/>\nLey Federal de Honorarios de los Abogados (BRAGO) y Ley de Remuneraci\u00f3n de los Abogados (RVG)<br \/>\nNormas deontol\u00f3gicas de los abogados de la Comunidad Europea (CCBE)<br \/>\nLas normas profesionales pertinentes pueden consultarse bajo el ep\u00edgrafe \u00abInformaci\u00f3n con arreglo al art\u00edculo 6 del TDG\u00bb en la p\u00e1gina web del Colegio Federal de Abogados de Alemania: <a href=\"https:\/\/www.brak.de\" target=\"_blank\" rel=\"noopener\">https:\/\/www.brak.de.<\/a><\/p>\n<p>Se se\u00f1ala que el t\u00edtulo profesional legal de la persona nombrada es \u00abRechtsanwalt\u00bb (abogado) con el a\u00f1adido \u00abBundesrepublik Deutschland\u00bb (Rep\u00fablica Federal de Alemania), o \u00abAbogado\u00bb con el a\u00f1adido \u00abSpanien\u00bb (Espa\u00f1a).<\/p>\n<p>Holger Weismantel tambi\u00e9n est\u00e1 admitido como Abogado Inscrito en el Ilustre Colegio de Abogados de Murcia. Direcci\u00f3n postal: Colegio de Abogados de Murcia, La Gloria 25-b, 30003 Murcia, Espa\u00f1a, tel\u00e9fono: 0034 968-900100 3, fax: 0034 968 21 65 80, <a href=\"https:\/\/www.icamur.org\/\" target=\"_blank\" rel=\"noopener\">https:\/\/www.icamur.org\/.<\/a> Las normas profesionales aplicables a los abogados son las siguientes:<br \/>\nEstatuto General de la Abogac\u00eda Espa\u00f1ola, <a href=\"https:\/\/www.cgae.es\/portalCGAE\/printPortal.do?urlPagina=\/S001012002\/1170419547743_es_ES.html\" target=\"_blank\" rel=\"noopener\">https:\/\/www.cgae.es\/portalCGAE\/printPortal.do?urlPagina=\/S001012002\/1170419547743_es_ES.html<\/a> y C\u00f3digo Deontol\u00f3gico de la Abogac\u00eda Espa\u00f1ola, <a href=\"https:\/\/www.cgae.es\/portalCGAE\/printPortal.do?urlPagina=\/S001012002\/1170955793512_es_ES.html\" target=\"_blank\" rel=\"noopener\">https:\/\/www.cgae.es\/portalCGAE\/printPortal.do?urlPagina=\/S001012002\/1170955793512_es_ES.html.<\/a><\/p>\n<p>El abogado Holger Weismantel tambi\u00e9n es responsable del contenido de estas p\u00e1ginas en el sentido de la TDG y la MdStV.<\/p>\n<p>N\u00famero de identificaci\u00f3n fiscal: 014 880 33287, CIF: DE174531217<\/p>\n<p><strong>Responsabilidad<\/strong><br \/>\nHemos hecho todo lo posible para garantizar la exactitud del contenido y los enlaces de este sitio web. Por lo tanto, queda excluida cualquier responsabilidad relacionada con el uso de la informaci\u00f3n. Su contenido es meramente informativo y no constituye asesoramiento jur\u00eddico. Las contribuciones corresponden en cada caso al estado de la cuesti\u00f3n en la fecha de publicaci\u00f3n; no se actualizan posteriormente.<\/p>\n<\/div><\/div><\/div><\/div><\/div><\/p>","protected":false},"excerpt":{"rendered":"","protected":false},"author":1,"featured_media":0,"parent":0,"menu_order":0,"comment_status":"closed","ping_status":"closed","template":"100-width.php","meta":{"footnotes":""},"class_list":["post-1473","page","type-page","status-publish","hentry"],"_links":{"self":[{"href":"https:\/\/ra-weismantel.de\/es\/wp-json\/wp\/v2\/pages\/1473","targetHints":{"allow":["GET"]}}],"collection":[{"href":"https:\/\/ra-weismantel.de\/es\/wp-json\/wp\/v2\/pages"}],"about":[{"href":"https:\/\/ra-weismantel.de\/es\/wp-json\/wp\/v2\/types\/page"}],"author":[{"embeddable":true,"href":"https:\/\/ra-weismantel.de\/es\/wp-json\/wp\/v2\/users\/1"}],"replies":[{"embeddable":true,"href":"https:\/\/ra-weismantel.de\/es\/wp-json\/wp\/v2\/comments?post=1473"}],"version-history":[{"count":4,"href":"https:\/\/ra-weismantel.de\/es\/wp-json\/wp\/v2\/pages\/1473\/revisions"}],"predecessor-version":[{"id":1695,"href":"https:\/\/ra-weismantel.de\/es\/wp-json\/wp\/v2\/pages\/1473\/revisions\/1695"}],"wp:attachment":[{"href":"https:\/\/ra-weismantel.de\/es\/wp-json\/wp\/v2\/media?parent=1473"}],"curies":[{"name":"wp","href":"https:\/\/api.w.org\/{rel}","templated":true}]}}