{"id":1496,"date":"2022-10-22T10:39:58","date_gmt":"2022-10-22T08:39:58","guid":{"rendered":"https:\/\/ra-weismantel.de\/derecho-de-familia"},"modified":"2023-02-05T17:09:03","modified_gmt":"2023-02-05T15:09:03","slug":"derecho-de-familia","status":"publish","type":"page","link":"https:\/\/ra-weismantel.de\/es\/ambitos-juridicos\/derecho-de-familia","title":{"rendered":"Derecho de familia"},"content":{"rendered":"<p><div class=\"fusion-fullwidth fullwidth-box fusion-builder-row-1 fusion-flex-container has-pattern-background has-mask-background fusion-parallax-none hundred-percent-fullwidth non-hundred-percent-height-scrolling lazyload\" style=\"--awb-border-radius-top-left:0px;--awb-border-radius-top-right:0px;--awb-border-radius-bottom-right:0px;--awb-border-radius-bottom-left:0px;--awb-min-height:450px;--awb-min-height-medium:300px;--awb-min-height-small:300px;--awb-background-size:cover;--awb-flex-wrap:wrap;\" data-bg=\"https:\/\/ra-weismantel.de\/wp-content\/uploads\/2022\/11\/hero-rechtsanwalt-kanzlei-weismantel-frankfurt-main.webp\" ><div class=\"fusion-builder-row fusion-row fusion-flex-align-items-flex-start fusion-flex-content-wrap\" style=\"width:104% !important;max-width:104% !important;margin-left: calc(-4% \/ 2 );margin-right: calc(-4% \/ 2 );\"><div class=\"fusion-layout-column fusion_builder_column fusion-builder-column-0 fusion_builder_column_1_1 1_1 fusion-flex-column\" style=\"--awb-bg-size:cover;--awb-width-large:100%;--awb-margin-top-large:0px;--awb-spacing-right-large:1.92%;--awb-margin-bottom-large:20px;--awb-spacing-left-large:1.92%;--awb-width-medium:100%;--awb-order-medium:0;--awb-spacing-right-medium:1.92%;--awb-spacing-left-medium:1.92%;--awb-width-small:100%;--awb-order-small:0;--awb-spacing-right-small:1.92%;--awb-spacing-left-small:1.92%;\"><div class=\"fusion-column-wrapper fusion-column-has-shadow fusion-flex-justify-content-flex-start fusion-content-layout-column\"><\/div><\/div><\/div><\/div><div class=\"fusion-fullwidth fullwidth-box fusion-builder-row-2 fusion-flex-container has-pattern-background has-mask-background nonhundred-percent-fullwidth non-hundred-percent-height-scrolling\" style=\"--awb-border-radius-top-left:0px;--awb-border-radius-top-right:0px;--awb-border-radius-bottom-right:0px;--awb-border-radius-bottom-left:0px;--awb-margin-top:-80px;--awb-flex-wrap:wrap;\" ><div class=\"fusion-builder-row fusion-row fusion-flex-align-items-flex-start fusion-flex-content-wrap\" style=\"max-width:1248px;margin-left: calc(-4% \/ 2 );margin-right: calc(-4% \/ 2 );\"><div class=\"fusion-layout-column fusion_builder_column fusion-builder-column-1 fusion_builder_column_1_2 1_2 fusion-flex-column\" style=\"--awb-padding-top:25px;--awb-padding-right:25px;--awb-padding-bottom:25px;--awb-padding-left:25px;--awb-bg-color:var(--awb-color5);--awb-bg-color-hover:var(--awb-color5);--awb-bg-size:cover;--awb-width-large:50%;--awb-margin-top-large:0px;--awb-spacing-right-large:3.84%;--awb-margin-bottom-large:20px;--awb-spacing-left-large:3.84%;--awb-width-medium:50%;--awb-order-medium:0;--awb-spacing-right-medium:3.84%;--awb-spacing-left-medium:3.84%;--awb-width-small:100%;--awb-order-small:0;--awb-spacing-right-small:1.92%;--awb-spacing-left-small:1.92%;\"><div class=\"fusion-column-wrapper fusion-column-has-shadow fusion-flex-justify-content-flex-start fusion-content-layout-column\"><nav class=\"fusion-breadcrumbs fusion-breadcrumbs-1\" style=\"--awb-font-size:12px;--awb-breadcrumb-sep:&#039;&gt;&#039;;\" aria-label=\"Breadcrumb\"><ol class=\"awb-breadcrumb-list\"><li class=\"fusion-breadcrumb-item awb-breadcrumb-sep awb-home\" ><a href=\"https:\/\/ra-weismantel.de\/es\" class=\"fusion-breadcrumb-link\"><span >Home<\/span><\/a><\/li><\/ol><\/nav><div class=\"fusion-title title fusion-title-1 fusion-sep-none fusion-title-text fusion-title-size-one\"><h1 class=\"fusion-title-heading title-heading-left fusion-responsive-typography-calculated\" style=\"margin:0;--fontSize:38;line-height:var(--awb-typography1-line-height);\">Derecho de familia<\/h1><\/div><\/div><\/div><\/div><\/div><div class=\"fusion-fullwidth fullwidth-box fusion-builder-row-3 fusion-flex-container has-pattern-background has-mask-background nonhundred-percent-fullwidth non-hundred-percent-height-scrolling\" style=\"--awb-border-radius-top-left:0px;--awb-border-radius-top-right:0px;--awb-border-radius-bottom-right:0px;--awb-border-radius-bottom-left:0px;--awb-flex-wrap:wrap;\" ><div class=\"fusion-builder-row fusion-row fusion-flex-align-items-flex-start fusion-flex-content-wrap\" style=\"max-width:1248px;margin-left: calc(-4% \/ 2 );margin-right: calc(-4% \/ 2 );\"><div class=\"fusion-layout-column fusion_builder_column fusion-builder-column-2 fusion_builder_column_1_1 1_1 fusion-flex-column\" style=\"--awb-bg-size:cover;--awb-width-large:100%;--awb-margin-top-large:0px;--awb-spacing-right-large:1.92%;--awb-margin-bottom-large:20px;--awb-spacing-left-large:1.92%;--awb-width-medium:100%;--awb-order-medium:0;--awb-spacing-right-medium:1.92%;--awb-spacing-left-medium:1.92%;--awb-width-small:100%;--awb-order-small:0;--awb-spacing-right-small:1.92%;--awb-spacing-left-small:1.92%;\"><div class=\"fusion-column-wrapper fusion-column-has-shadow fusion-flex-justify-content-flex-start fusion-content-layout-column\"><div class=\"fusion-text fusion-text-1\"><p>En Derecho de familia puede confiar en <strong><a href=\"https:\/\/ra-weismantel.de\/es\/retrato\">Holger Weismantel, abogado especialista en Derecho de familia<\/a> <\/strong>es un representante de sus intereses con muchos a\u00f1os de experiencia en todas las \u00e1reas del derecho de familia. Se ha demostrado una y otra vez que el asesoramiento jur\u00eddico preventivo en la situaci\u00f3n de separaci\u00f3n ayuda a evaluar y gestionar mejor los problemas que surgen. Nuestro objetivo en la situaci\u00f3n de separaci\u00f3n y divorcio es lograr, en la medida de lo posible, una soluci\u00f3n amistosa de las cuestiones consiguientes relacionadas, como la pensi\u00f3n alimenticia del c\u00f3nyuge, la pensi\u00f3n alimenticia de los hijos, la equiparaci\u00f3n de ganancias y los dem\u00e1s \u00e1mbitos de soluci\u00f3n, como el derecho al domicilio conyugal, as\u00ed como la custodia y el derecho de visita de los hijos comunes.<\/p>\n<p><a href=\"https:\/\/ra-weismantel.de\/es\/retrato\">Holger Weismantel<\/a> es miembro del Grupo de Trabajo de Derecho de Familia de la DAV. La formaci\u00f3n continua en cooperaci\u00f3n con el Colegio de Abogados de Fr\u00e1ncfort y la DAV le garantiza un asesoramiento jur\u00eddico siempre actualizado. Esto es esencial, habida cuenta de las constantes innovaciones del Derecho de familia. Adem\u00e1s, tambi\u00e9n se publican art\u00edculos editoriales sobre nuevos temas de Derecho de familia y sucesiones, que puede consultar en nuestra p\u00e1gina de inicio, en la secci\u00f3n \u00abNoticias\u00bb.<\/p>\n<p>En concreto, nuestro trabajo en Derecho de familia abarca los siguientes \u00e1mbitos:<\/p>\n<\/div><ul style=\"--awb-line-height:30.6px;--awb-icon-width:30.6px;--awb-icon-height:30.6px;--awb-icon-margin:12.6px;--awb-content-margin:43.2px;\" class=\"fusion-checklist fusion-checklist-1 fusion-checklist-default type-icons\"><li class=\"fusion-li-item\" style=\"\"><span class=\"icon-wrapper circle-no\"><i class=\"fusion-li-icon fa-check-circle fas\" aria-hidden=\"true\"><\/i><\/span><div class=\"fusion-li-item-content\">\n<p>Divorcios seg\u00fan el Derecho alem\u00e1n e internacional<\/p>\n<\/div><\/li><li class=\"fusion-li-item\" style=\"\"><span class=\"icon-wrapper circle-no\"><i class=\"fusion-li-icon fa-check-circle fas\" aria-hidden=\"true\"><\/i><\/span><div class=\"fusion-li-item-content\">\n<p>Liquidaciones de patrimonio, compensaci\u00f3n de plusval\u00edas y reversi\u00f3n de prestaciones matrimoniales<\/p>\n<\/div><\/li><li class=\"fusion-li-item\" style=\"\"><span class=\"icon-wrapper circle-no\"><i class=\"fusion-li-icon fa-check-circle fas\" aria-hidden=\"true\"><\/i><\/span><div class=\"fusion-li-item-content\">\n<p>Interposici\u00f3n y defensa de demandas de pensi\u00f3n alimenticia; pensi\u00f3n alimenticia para los hijos, pensi\u00f3n alimenticia para el c\u00f3nyuge, pensi\u00f3n alimenticia para adultos y pensi\u00f3n alimenticia para parientes.<\/p>\n<\/div><\/li><li class=\"fusion-li-item\" style=\"\"><span class=\"icon-wrapper circle-no\"><i class=\"fusion-li-icon fa-check-circle fas\" aria-hidden=\"true\"><\/i><\/span><div class=\"fusion-li-item-content\">\n<p>Ejecuci\u00f3n y defensa de reclamaciones de alimentos y de equiparaci\u00f3n de ganancias en el marco de un matrimonio de empresarios<\/p>\n<\/div><\/li><li class=\"fusion-li-item\" style=\"\"><span class=\"icon-wrapper circle-no\"><i class=\"fusion-li-icon fa-check-circle fas\" aria-hidden=\"true\"><\/i><\/span><div class=\"fusion-li-item-content\">\n<p>Derecho de familia alem\u00e1n e internacional, con amplia experiencia en Derecho anglosaj\u00f3n, espa\u00f1ol, italiano y turco, as\u00ed como en otros ordenamientos jur\u00eddicos extranjeros.<\/p>\n<\/div><\/li><li class=\"fusion-li-item\" style=\"\"><span class=\"icon-wrapper circle-no\"><i class=\"fusion-li-icon fa-check-circle fas\" aria-hidden=\"true\"><\/i><\/span><div class=\"fusion-li-item-content\">\n<p>Derecho de custodia y visita<\/p>\n<\/div><\/li><li class=\"fusion-li-item\" style=\"\"><span class=\"icon-wrapper circle-no\"><i class=\"fusion-li-icon fa-check-circle fas\" aria-hidden=\"true\"><\/i><\/span><div class=\"fusion-li-item-content\">\n<p>Redacci\u00f3n de capitulaciones matrimoniales, incluidas las normas sucesorias, en caso necesario. incluidos los componentes de activos situados en el extranjero<\/p>\n<\/div><\/li><li class=\"fusion-li-item\" style=\"\"><span class=\"icon-wrapper circle-no\"><i class=\"fusion-li-icon fa-check-circle fas\" aria-hidden=\"true\"><\/i><\/span><div class=\"fusion-li-item-content\">\n<p>Ley de uniones civiles y \u00abmatrimonio para todos\u00bb a partir de octubre de 2017<\/p>\n<\/div><\/li><\/ul><div class=\"fusion-text fusion-text-2\" style=\"--awb-margin-top:20px;\"><p>En caso de duda, le recomendamos que aclare en el marco de una consulta inicial de bajo coste qu\u00e9 derechos existen en detalle, qu\u00e9 normas de conducta deben observarse para garantizar las reclamaciones y cu\u00e1l es la mejor manera de proceder con respecto a un intento de acuerdo amistoso.<\/p>\n<\/div><\/div><\/div><\/div><\/div><div class=\"fusion-fullwidth fullwidth-box fusion-builder-row-4 fusion-flex-container has-pattern-background has-mask-background nonhundred-percent-fullwidth non-hundred-percent-height-scrolling\" style=\"--awb-border-radius-top-left:0px;--awb-border-radius-top-right:0px;--awb-border-radius-bottom-right:0px;--awb-border-radius-bottom-left:0px;--awb-margin-top:40px;--awb-background-color:var(--awb-color5);--awb-flex-wrap:wrap;\" ><div class=\"fusion-builder-row fusion-row fusion-flex-align-items-flex-start fusion-flex-content-wrap\" style=\"max-width:1248px;margin-left: calc(-4% \/ 2 );margin-right: calc(-4% \/ 2 );\"><div class=\"fusion-layout-column fusion_builder_column fusion-builder-column-3 fusion_builder_column_1_2 1_2 fusion-flex-column fusion-flex-align-self-center\" style=\"--awb-bg-size:cover;--awb-width-large:50%;--awb-margin-top-large:0px;--awb-spacing-right-large:3.84%;--awb-margin-bottom-large:20px;--awb-spacing-left-large:3.84%;--awb-width-medium:50%;--awb-order-medium:0;--awb-spacing-right-medium:3.84%;--awb-spacing-left-medium:3.84%;--awb-width-small:100%;--awb-order-small:0;--awb-spacing-right-small:1.92%;--awb-spacing-left-small:1.92%;\"><div class=\"fusion-column-wrapper fusion-column-has-shadow fusion-flex-justify-content-center fusion-content-layout-column\"><div class=\"fusion-title title fusion-title-2 fusion-sep-none fusion-title-text fusion-title-size-two\" style=\"--awb-margin-top-small:40px;--awb-margin-top-medium:30px;\"><h2 class=\"fusion-title-heading title-heading-left fusion-responsive-typography-calculated\" style=\"margin:0;--fontSize:34;line-height:var(--awb-typography1-line-height);\">\u00bfTiene alguna pregunta?<\/h2><\/div><div class=\"fusion-text fusion-text-3\"><p>Nos complace estar a su lado y atender sus preocupaciones. Utilice nuestras distintas opciones de contacto.<\/p>\n<\/div><div style=\"text-align:left;\"><a class=\"fusion-button button-flat fusion-button-default-size button-default fusion-button-default button-1 fusion-button-default-span fusion-button-default-type\" target=\"_self\" href=\"https:\/\/ra-weismantel.de\/es\/contacte-con\"><span class=\"fusion-button-text awb-button__text awb-button__text--default\">Contacte con<\/span><i class=\"fa-arrow-right fas awb-button__icon awb-button__icon--default button-icon-right\" aria-hidden=\"true\"><\/i><\/a><\/div><\/div><\/div><div class=\"fusion-layout-column fusion_builder_column fusion-builder-column-4 fusion_builder_column_1_2 1_2 fusion-flex-column fusion-flex-align-self-stretch\" style=\"--awb-padding-top:30px;--awb-padding-right:30px;--awb-padding-bottom:30px;--awb-padding-left:30px;--awb-bg-size:cover;--awb-width-large:50%;--awb-margin-top-large:0px;--awb-spacing-right-large:3.84%;--awb-margin-bottom-large:20px;--awb-spacing-left-large:3.84%;--awb-width-medium:50%;--awb-order-medium:0;--awb-spacing-right-medium:3.84%;--awb-spacing-left-medium:3.84%;--awb-width-small:100%;--awb-order-small:0;--awb-spacing-right-small:1.92%;--awb-spacing-left-small:1.92%;\"><div class=\"fusion-column-wrapper fusion-column-has-shadow fusion-flex-justify-content-flex-start fusion-content-layout-column\"><div class=\"fusion-image-element \" style=\"--awb-mask-url: url(https:\/\/ra-weismantel.de\/wp-content\/plugins\/fusion-builder\/\/assets\/images\/masks\/mask-17.svg);--awb-mask-size: cover;--awb-caption-title-font-family:var(--h2_typography-font-family);--awb-caption-title-font-weight:var(--h2_typography-font-weight);--awb-caption-title-font-style:var(--h2_typography-font-style);--awb-caption-title-size:var(--h2_typography-font-size);--awb-caption-title-transform:var(--h2_typography-text-transform);--awb-caption-title-line-height:var(--h2_typography-line-height);--awb-caption-title-letter-spacing:var(--h2_typography-letter-spacing);\"><span class=\" fusion-imageframe imageframe-none imageframe-1 hover-type-none has-mask\"><img decoding=\"async\" width=\"2500\" height=\"1672\" title=\"Holger Weismantel Rechtsanwalt Familienrecht\" src=\"https:\/\/ra-weismantel.de\/wp-content\/uploads\/2022\/11\/holger-weismantel-familienrecht-erbrecht-wohnungseigentumsrecht.webp\" data-orig-src=\"https:\/\/ra-weismantel.de\/wp-content\/uploads\/2022\/11\/holger-weismantel-familienrecht-erbrecht-wohnungseigentumsrecht.webp\" alt class=\"lazyload img-responsive wp-image-1013\" srcset=\"data:image\/svg+xml,%3Csvg%20xmlns%3D%27http%3A%2F%2Fwww.w3.org%2F2000%2Fsvg%27%20width%3D%272500%27%20height%3D%271672%27%20viewBox%3D%270%200%202500%201672%27%3E%3Crect%20width%3D%272500%27%20height%3D%271672%27%20fill-opacity%3D%220%22%2F%3E%3C%2Fsvg%3E\" data-srcset=\"https:\/\/ra-weismantel.de\/wp-content\/uploads\/2022\/11\/holger-weismantel-familienrecht-erbrecht-wohnungseigentumsrecht-200x134.webp 200w, https:\/\/ra-weismantel.de\/wp-content\/uploads\/2022\/11\/holger-weismantel-familienrecht-erbrecht-wohnungseigentumsrecht-400x268.webp 400w, https:\/\/ra-weismantel.de\/wp-content\/uploads\/2022\/11\/holger-weismantel-familienrecht-erbrecht-wohnungseigentumsrecht-600x401.webp 600w, https:\/\/ra-weismantel.de\/wp-content\/uploads\/2022\/11\/holger-weismantel-familienrecht-erbrecht-wohnungseigentumsrecht-800x535.webp 800w, https:\/\/ra-weismantel.de\/wp-content\/uploads\/2022\/11\/holger-weismantel-familienrecht-erbrecht-wohnungseigentumsrecht-1200x803.webp 1200w, https:\/\/ra-weismantel.de\/wp-content\/uploads\/2022\/11\/holger-weismantel-familienrecht-erbrecht-wohnungseigentumsrecht.webp 2500w\" data-sizes=\"auto\" data-orig-sizes=\"(max-width: 640px) 100vw, 600px\" \/><\/span><\/div><\/div><\/div><\/div><\/div><\/p>","protected":false},"excerpt":{"rendered":"","protected":false},"author":1,"featured_media":0,"parent":1504,"menu_order":0,"comment_status":"closed","ping_status":"closed","template":"100-width.php","meta":{"footnotes":""},"class_list":["post-1496","page","type-page","status-publish","hentry"],"_links":{"self":[{"href":"https:\/\/ra-weismantel.de\/es\/wp-json\/wp\/v2\/pages\/1496","targetHints":{"allow":["GET"]}}],"collection":[{"href":"https:\/\/ra-weismantel.de\/es\/wp-json\/wp\/v2\/pages"}],"about":[{"href":"https:\/\/ra-weismantel.de\/es\/wp-json\/wp\/v2\/types\/page"}],"author":[{"embeddable":true,"href":"https:\/\/ra-weismantel.de\/es\/wp-json\/wp\/v2\/users\/1"}],"replies":[{"embeddable":true,"href":"https:\/\/ra-weismantel.de\/es\/wp-json\/wp\/v2\/comments?post=1496"}],"version-history":[{"count":0,"href":"https:\/\/ra-weismantel.de\/es\/wp-json\/wp\/v2\/pages\/1496\/revisions"}],"up":[{"embeddable":true,"href":"https:\/\/ra-weismantel.de\/es\/wp-json\/wp\/v2\/pages\/1504"}],"wp:attachment":[{"href":"https:\/\/ra-weismantel.de\/es\/wp-json\/wp\/v2\/media?parent=1496"}],"curies":[{"name":"wp","href":"https:\/\/api.w.org\/{rel}","templated":true}]}}